{"id":397,"date":"2026-02-09T16:20:32","date_gmt":"2026-02-09T16:20:32","guid":{"rendered":"https:\/\/lolichoko.ci\/?post_type=product&#038;p=397"},"modified":"2026-02-09T16:21:36","modified_gmt":"2026-02-09T16:21:36","slug":"poudre-de-cacao-aux-epices","status":"publish","type":"product","link":"https:\/\/lolichoko.ci\/?product=poudre-de-cacao-aux-epices","title":{"rendered":"Poudre de cacao aux \u00e9pices"},"content":{"rendered":"","protected":false},"excerpt":{"rendered":"<p>Poudre de cacao aux \u00e9pices<\/p>\n","protected":false},"featured_media":398,"comment_status":"open","ping_status":"closed","template":"","meta":[],"product_brand":[],"product_cat":[17],"product_tag":[35],"class_list":{"0":"post-397","1":"product","2":"type-product","3":"status-publish","4":"has-post-thumbnail","6":"product_cat-lolichoko","7":"product_tag-poudre-de-cacao","9":"first","10":"instock","11":"featured","12":"taxable","13":"shipping-taxable","14":"purchasable","15":"product-type-simple"},"yoast_head":"<!-- This site is optimized with the Yoast SEO plugin v27.2 - https:\/\/yoast.com\/product\/yoast-seo-wordpress\/ -->\n<title>Poudre de cacao aux \u00e9pices<\/title>\n<meta name=\"description\" content=\"Cliquez ici pour d\u00e9couvrir Poudre de cacao aux \u00e9pices\" \/>\n<meta name=\"robots\" content=\"index, follow, max-snippet:-1, max-image-preview:large, max-video-preview:-1\" \/>\n<link rel=\"canonical\" href=\"https:\/\/lolichoko.ci\/?product=poudre-de-cacao-aux-epices\" \/>\n<meta property=\"og:locale\" content=\"fr_FR\" \/>\n<meta property=\"og:type\" content=\"article\" \/>\n<meta property=\"og:title\" content=\"Poudre de cacao aux \u00e9pices\" \/>\n<meta property=\"og:description\" content=\"Cliquez ici pour d\u00e9couvrir Poudre de cacao aux \u00e9pices\" \/>\n<meta property=\"og:url\" content=\"https:\/\/lolichoko.ci\/?product=poudre-de-cacao-aux-epices\" \/>\n<meta property=\"og:site_name\" content=\"LoliChoko\" \/>\n<meta property=\"article:publisher\" content=\"https:\/\/www.facebook.com\/share\/p\/19d9ubGqBa\/\" \/>\n<meta property=\"article:modified_time\" content=\"2026-02-09T16:21:36+00:00\" \/>\n<meta property=\"og:image\" content=\"https:\/\/lolichoko.ci\/wp-content\/uploads\/2026\/02\/Poudre-de-cacao-epices.png\" \/>\n\t<meta property=\"og:image:width\" content=\"500\" \/>\n\t<meta property=\"og:image:height\" content=\"500\" \/>\n\t<meta property=\"og:image:type\" content=\"image\/png\" \/>\n<meta name=\"twitter:card\" content=\"summary_large_image\" \/>\n<meta name=\"twitter:label1\" content=\"Dur\u00e9e de lecture estim\u00e9e\" \/>\n\t<meta name=\"twitter:data1\" content=\"1 minute\" \/>\n<script type=\"application\/ld+json\" class=\"yoast-schema-graph\">{\"@context\":\"https:\/\/schema.org\",\"@graph\":[{\"@type\":\"WebPage\",\"@id\":\"https:\/\/lolichoko.ci\/?product=poudre-de-cacao-aux-epices\",\"url\":\"https:\/\/lolichoko.ci\/?product=poudre-de-cacao-aux-epices\",\"name\":\"Poudre de cacao aux \u00e9pices\",\"isPartOf\":{\"@id\":\"https:\/\/lolichoko.ci\/#website\"},\"primaryImageOfPage\":{\"@id\":\"https:\/\/lolichoko.ci\/?product=poudre-de-cacao-aux-epices#primaryimage\"},\"image\":{\"@id\":\"https:\/\/lolichoko.ci\/?product=poudre-de-cacao-aux-epices#primaryimage\"},\"thumbnailUrl\":\"https:\/\/lolichoko.ci\/wp-content\/uploads\/2026\/02\/Poudre-de-cacao-epices.png\",\"datePublished\":\"2026-02-09T16:20:32+00:00\",\"dateModified\":\"2026-02-09T16:21:36+00:00\",\"description\":\"Cliquez ici pour d\u00e9couvrir Poudre de cacao aux \u00e9pices\",\"breadcrumb\":{\"@id\":\"https:\/\/lolichoko.ci\/?product=poudre-de-cacao-aux-epices#breadcrumb\"},\"inLanguage\":\"fr-FR\",\"potentialAction\":[{\"@type\":\"ReadAction\",\"target\":[\"https:\/\/lolichoko.ci\/?product=poudre-de-cacao-aux-epices\"]}]},{\"@type\":\"ImageObject\",\"inLanguage\":\"fr-FR\",\"@id\":\"https:\/\/lolichoko.ci\/?product=poudre-de-cacao-aux-epices#primaryimage\",\"url\":\"https:\/\/lolichoko.ci\/wp-content\/uploads\/2026\/02\/Poudre-de-cacao-epices.png\",\"contentUrl\":\"https:\/\/lolichoko.ci\/wp-content\/uploads\/2026\/02\/Poudre-de-cacao-epices.png\",\"width\":500,\"height\":500},{\"@type\":\"BreadcrumbList\",\"@id\":\"https:\/\/lolichoko.ci\/?product=poudre-de-cacao-aux-epices#breadcrumb\",\"itemListElement\":[{\"@type\":\"ListItem\",\"position\":1,\"name\":\"Accueil\",\"item\":\"https:\/\/lolichoko.ci\/\"},{\"@type\":\"ListItem\",\"position\":2,\"name\":\"Shop\",\"item\":\"https:\/\/lolichoko.ci\/?page_id=5\"},{\"@type\":\"ListItem\",\"position\":3,\"name\":\"Poudre de cacao aux \u00e9pices\"}]},{\"@type\":\"WebSite\",\"@id\":\"https:\/\/lolichoko.ci\/#website\",\"url\":\"https:\/\/lolichoko.ci\/\",\"name\":\"LoliChoko\",\"description\":\"\",\"publisher\":{\"@id\":\"https:\/\/lolichoko.ci\/#organization\"},\"alternateName\":\"LoliChoko\",\"potentialAction\":[{\"@type\":\"SearchAction\",\"target\":{\"@type\":\"EntryPoint\",\"urlTemplate\":\"https:\/\/lolichoko.ci\/?s={search_term_string}\"},\"query-input\":{\"@type\":\"PropertyValueSpecification\",\"valueRequired\":true,\"valueName\":\"search_term_string\"}}],\"inLanguage\":\"fr-FR\"},{\"@type\":\"Organization\",\"@id\":\"https:\/\/lolichoko.ci\/#organization\",\"name\":\"LoliChoko\",\"alternateName\":\"LoliChoko\",\"url\":\"https:\/\/lolichoko.ci\/\",\"logo\":{\"@type\":\"ImageObject\",\"inLanguage\":\"fr-FR\",\"@id\":\"https:\/\/lolichoko.ci\/#\/schema\/logo\/image\/\",\"url\":\"https:\/\/lolichoko.ci\/wp-content\/uploads\/2026\/01\/Logo-150X150.jpg\",\"contentUrl\":\"https:\/\/lolichoko.ci\/wp-content\/uploads\/2026\/01\/Logo-150X150.jpg\",\"width\":150,\"height\":150,\"caption\":\"LoliChoko\"},\"image\":{\"@id\":\"https:\/\/lolichoko.ci\/#\/schema\/logo\/image\/\"},\"sameAs\":[\"https:\/\/www.facebook.com\/share\/p\/19d9ubGqBa\/\"]}]}<\/script>\n<!-- \/ Yoast SEO plugin. -->","yoast_head_json":{"title":"Poudre de cacao aux \u00e9pices","description":"Cliquez ici pour d\u00e9couvrir Poudre de cacao aux \u00e9pices","robots":{"index":"index","follow":"follow","max-snippet":"max-snippet:-1","max-image-preview":"max-image-preview:large","max-video-preview":"max-video-preview:-1"},"canonical":"https:\/\/lolichoko.ci\/?product=poudre-de-cacao-aux-epices","og_locale":"fr_FR","og_type":"article","og_title":"Poudre de cacao aux \u00e9pices","og_description":"Cliquez ici pour d\u00e9couvrir Poudre de cacao aux \u00e9pices","og_url":"https:\/\/lolichoko.ci\/?product=poudre-de-cacao-aux-epices","og_site_name":"LoliChoko","article_publisher":"https:\/\/www.facebook.com\/share\/p\/19d9ubGqBa\/","article_modified_time":"2026-02-09T16:21:36+00:00","og_image":[{"width":500,"height":500,"url":"https:\/\/lolichoko.ci\/wp-content\/uploads\/2026\/02\/Poudre-de-cacao-epices.png","type":"image\/png"}],"twitter_card":"summary_large_image","twitter_misc":{"Dur\u00e9e de lecture estim\u00e9e":"1 minute"},"schema":{"@context":"https:\/\/schema.org","@graph":[{"@type":"WebPage","@id":"https:\/\/lolichoko.ci\/?product=poudre-de-cacao-aux-epices","url":"https:\/\/lolichoko.ci\/?product=poudre-de-cacao-aux-epices","name":"Poudre de cacao aux \u00e9pices","isPartOf":{"@id":"https:\/\/lolichoko.ci\/#website"},"primaryImageOfPage":{"@id":"https:\/\/lolichoko.ci\/?product=poudre-de-cacao-aux-epices#primaryimage"},"image":{"@id":"https:\/\/lolichoko.ci\/?product=poudre-de-cacao-aux-epices#primaryimage"},"thumbnailUrl":"https:\/\/lolichoko.ci\/wp-content\/uploads\/2026\/02\/Poudre-de-cacao-epices.png","datePublished":"2026-02-09T16:20:32+00:00","dateModified":"2026-02-09T16:21:36+00:00","description":"Cliquez ici pour d\u00e9couvrir Poudre de cacao aux \u00e9pices","breadcrumb":{"@id":"https:\/\/lolichoko.ci\/?product=poudre-de-cacao-aux-epices#breadcrumb"},"inLanguage":"fr-FR","potentialAction":[{"@type":"ReadAction","target":["https:\/\/lolichoko.ci\/?product=poudre-de-cacao-aux-epices"]}]},{"@type":"ImageObject","inLanguage":"fr-FR","@id":"https:\/\/lolichoko.ci\/?product=poudre-de-cacao-aux-epices#primaryimage","url":"https:\/\/lolichoko.ci\/wp-content\/uploads\/2026\/02\/Poudre-de-cacao-epices.png","contentUrl":"https:\/\/lolichoko.ci\/wp-content\/uploads\/2026\/02\/Poudre-de-cacao-epices.png","width":500,"height":500},{"@type":"BreadcrumbList","@id":"https:\/\/lolichoko.ci\/?product=poudre-de-cacao-aux-epices#breadcrumb","itemListElement":[{"@type":"ListItem","position":1,"name":"Accueil","item":"https:\/\/lolichoko.ci\/"},{"@type":"ListItem","position":2,"name":"Shop","item":"https:\/\/lolichoko.ci\/?page_id=5"},{"@type":"ListItem","position":3,"name":"Poudre de cacao aux \u00e9pices"}]},{"@type":"WebSite","@id":"https:\/\/lolichoko.ci\/#website","url":"https:\/\/lolichoko.ci\/","name":"LoliChoko","description":"","publisher":{"@id":"https:\/\/lolichoko.ci\/#organization"},"alternateName":"LoliChoko","potentialAction":[{"@type":"SearchAction","target":{"@type":"EntryPoint","urlTemplate":"https:\/\/lolichoko.ci\/?s={search_term_string}"},"query-input":{"@type":"PropertyValueSpecification","valueRequired":true,"valueName":"search_term_string"}}],"inLanguage":"fr-FR"},{"@type":"Organization","@id":"https:\/\/lolichoko.ci\/#organization","name":"LoliChoko","alternateName":"LoliChoko","url":"https:\/\/lolichoko.ci\/","logo":{"@type":"ImageObject","inLanguage":"fr-FR","@id":"https:\/\/lolichoko.ci\/#\/schema\/logo\/image\/","url":"https:\/\/lolichoko.ci\/wp-content\/uploads\/2026\/01\/Logo-150X150.jpg","contentUrl":"https:\/\/lolichoko.ci\/wp-content\/uploads\/2026\/01\/Logo-150X150.jpg","width":150,"height":150,"caption":"LoliChoko"},"image":{"@id":"https:\/\/lolichoko.ci\/#\/schema\/logo\/image\/"},"sameAs":["https:\/\/www.facebook.com\/share\/p\/19d9ubGqBa\/"]}]}},"_links":{"self":[{"href":"https:\/\/lolichoko.ci\/index.php?rest_route=\/wp\/v2\/product\/397","targetHints":{"allow":["GET"]}}],"collection":[{"href":"https:\/\/lolichoko.ci\/index.php?rest_route=\/wp\/v2\/product"}],"about":[{"href":"https:\/\/lolichoko.ci\/index.php?rest_route=\/wp\/v2\/types\/product"}],"replies":[{"embeddable":true,"href":"https:\/\/lolichoko.ci\/index.php?rest_route=%2Fwp%2Fv2%2Fcomments&post=397"}],"wp:featuredmedia":[{"embeddable":true,"href":"https:\/\/lolichoko.ci\/index.php?rest_route=\/wp\/v2\/media\/398"}],"wp:attachment":[{"href":"https:\/\/lolichoko.ci\/index.php?rest_route=%2Fwp%2Fv2%2Fmedia&parent=397"}],"wp:term":[{"taxonomy":"product_brand","embeddable":true,"href":"https:\/\/lolichoko.ci\/index.php?rest_route=%2Fwp%2Fv2%2Fproduct_brand&post=397"},{"taxonomy":"product_cat","embeddable":true,"href":"https:\/\/lolichoko.ci\/index.php?rest_route=%2Fwp%2Fv2%2Fproduct_cat&post=397"},{"taxonomy":"product_tag","embeddable":true,"href":"https:\/\/lolichoko.ci\/index.php?rest_route=%2Fwp%2Fv2%2Fproduct_tag&post=397"}],"curies":[{"name":"wp","href":"https:\/\/api.w.org\/{rel}","templated":true}]}}